{"id":50664,"date":"2026-02-09T11:20:45","date_gmt":"2026-02-09T11:20:45","guid":{"rendered":"https:\/\/faied.net\/politique-de-confidentialite\/"},"modified":"2026-02-25T10:08:15","modified_gmt":"2026-02-25T10:08:15","slug":"politique-de-confidentialite","status":"publish","type":"page","link":"https:\/\/faied.net\/fr\/politique-de-confidentialite\/","title":{"rendered":"Politique de confidentialit\u00e9"},"content":{"rendered":"\t\t<div data-elementor-type=\"wp-page\" data-elementor-id=\"50664\" class=\"elementor elementor-50664 elementor-3\">\n\t\t\t\t<div class=\"elementor-element elementor-element-0fe272f e-flex e-con-boxed cmsmasters-bg-hide-none cmsmasters-bg-hide-none cmsmasters-block-default e-con e-parent\" data-id=\"0fe272f\" data-element_type=\"container\" data-e-type=\"container\" data-settings=\"{&quot;background_background&quot;:&quot;classic&quot;}\">\n\t\t\t\t\t<div class=\"e-con-inner\">\n\t\t\t\t<div class=\"elementor-element elementor-element-2c09238 animated-fast cmsmasters-block-default cmsmasters-sticky-default elementor-invisible elementor-widget elementor-widget-heading\" data-id=\"2c09238\" data-element_type=\"widget\" data-e-type=\"widget\" data-settings=\"{&quot;_animation&quot;:&quot;cmsmasters-pop-in&quot;}\" data-widget_type=\"heading.default\">\n\t\t\t\t\t<h1 class=\"elementor-heading-title elementor-size-default\">Politique de confidentialit\u00e9<\/h1>\t\t\t\t<\/div>\n\t\t\t\t<div class=\"elementor-element elementor-element-dc1163f cmsmasters-breadcrumbs-alignment-left cmsmasters-separator-type-text cmsmasters-block-default cmsmasters-sticky-default elementor-invisible elementor-widget elementor-widget-cmsmasters-breadcrumbs cmsmasters-widget-breadcrumbs\" data-id=\"dc1163f\" data-element_type=\"widget\" data-e-type=\"widget\" data-settings=\"{&quot;_animation&quot;:&quot;cmsmasters-fade-in&quot;,&quot;_animation_delay&quot;:300}\" data-widget_type=\"cmsmasters-breadcrumbs.default\">\n\t\t\t\t\t<div class=\"cmsmasters-widget-breadcrumbs__container\"><div class=\"cmsmasters-widget-breadcrumbs__content\"><a href=\"https:\/\/faied.net\/fr\/\" class=\"cmsmasters-home\">Home<\/a><span class=\"cmsmasters-widget-breadcrumbs__sep\"><span>|<\/span><\/span><span>No breadcrumbs<\/span><\/div><\/div>\t\t\t\t<\/div>\n\t\t\t\t\t<\/div>\n\t\t\t\t<\/div>\n\t\t<div class=\"elementor-element elementor-element-4927c17 e-flex e-con-boxed cmsmasters-block-default e-con e-parent\" data-id=\"4927c17\" data-element_type=\"container\" data-e-type=\"container\">\n\t\t\t\t\t<div class=\"e-con-inner\">\n\t\t\t\t<div class=\"elementor-element elementor-element-fddc7c6 elementor-widget-mobile__width-initial cmsmasters-block-default cmsmasters-sticky-default elementor-widget elementor-widget-text-editor\" data-id=\"fddc7c6\" data-element_type=\"widget\" data-e-type=\"widget\" data-widget_type=\"text-editor.default\">\n\t\t\t\t\t\t\t\t\t<h2 data-start=\"470\" data-end=\"498\">1. Objet de la pr\u00e9sente politique<\/h2><p data-start=\"500\" data-end=\"762\">La pr\u00e9sente politique de confidentialit\u00e9 d\u00e9crit la mani\u00e8re dont les renseignements personnels sont recueillis, utilis\u00e9s, stock\u00e9s et prot\u00e9g\u00e9s lorsque des personnes interagissent avec ce site web, notamment par le biais de d\u00e9clarations de sympathisants, d\u2019inscriptions de b\u00e9n\u00e9voles, d\u2019envois de formulaires de contact et d\u2019activit\u00e9s li\u00e9es aux dons.<\/p><p data-start=\"764\" data-end=\"841\">En utilisant ce site web, vous consentez aux pratiques d\u00e9crites dans la pr\u00e9sente politique.<\/p><hr data-start=\"843\" data-end=\"846\"><h2 data-start=\"848\" data-end=\"898\">2. Cat\u00e9gories de renseignements personnels recueillis<\/h2><p data-start=\"900\" data-end=\"982\">Nous ne recueillons des renseignements personnels que lorsqu\u2019ils sont soumis volontairement par l\u2019entremise de nos formulaires.<\/p><h3 data-start=\"984\" data-end=\"1025\">2.1 Soumissions de d\u00e9clarations de sympathisants<\/h3><p data-start=\"1026\" data-end=\"1060\">Les renseignements recueillis peuvent inclure :<\/p><ul data-start=\"1062\" data-end=\"1391\"><li data-start=\"1062\" data-end=\"1081\"><p data-start=\"1064\" data-end=\"1081\">Nom l\u00e9gal complet<\/p><\/li><li data-start=\"1082\" data-end=\"1128\"><p data-start=\"1084\" data-end=\"1128\">Adresse r\u00e9sidentielle (pas de cases postales)<\/p><\/li><li data-start=\"1129\" data-end=\"1137\"><p data-start=\"1131\" data-end=\"1137\">Ville<\/p><\/li><li data-start=\"1138\" data-end=\"1160\"><p data-start=\"1140\" data-end=\"1160\">Province\/Territoire<\/p><\/li><li data-start=\"1161\" data-end=\"1176\"><p data-start=\"1163\" data-end=\"1176\">Code postal<\/p><\/li><li data-start=\"1177\" data-end=\"1214\"><p data-start=\"1179\" data-end=\"1214\">Signature \u00e9lectronique (nom dactylographi\u00e9)<\/p><\/li><li data-start=\"1215\" data-end=\"1236\"><p data-start=\"1217\" data-end=\"1236\">Date de la signature<\/p><\/li><li data-start=\"1237\" data-end=\"1268\"><p data-start=\"1239\" data-end=\"1268\">Confirmation de la d\u00e9claration<\/p><\/li><\/ul><hr data-start=\"1393\" data-end=\"1396\"><h3 data-start=\"1398\" data-end=\"1428\">2.2 Inscription des b\u00e9n\u00e9voles<\/h3><p data-start=\"1429\" data-end=\"1444\">Nous pouvons recueillir :<\/p><ul data-start=\"1446\" data-end=\"1577\"><li data-start=\"1446\" data-end=\"1454\"><p data-start=\"1448\" data-end=\"1454\">Nom<\/p><\/li><li data-start=\"1455\" data-end=\"1472\"><p data-start=\"1457\" data-end=\"1472\">Adresse courriel<\/p><\/li><li data-start=\"1473\" data-end=\"1493\"><p data-start=\"1475\" data-end=\"1493\">Num\u00e9ro de t\u00e9l\u00e9phone<\/p><\/li><li data-start=\"1494\" data-end=\"1511\"><p data-start=\"1496\" data-end=\"1511\">Ville\/Province<\/p><\/li><li data-start=\"1512\" data-end=\"1533\"><p data-start=\"1514\" data-end=\"1533\">Domaines d\u2019int\u00e9r\u00eat<\/p><\/li><li data-start=\"1534\" data-end=\"1550\"><p data-start=\"1536\" data-end=\"1550\">Disponibilit\u00e9<\/p><\/li><li data-start=\"1551\" data-end=\"1577\"><p data-start=\"1553\" data-end=\"1577\">Accus\u00e9 de r\u00e9ception du consentement<\/p><\/li><\/ul><hr data-start=\"1579\" data-end=\"1582\"><h3 data-start=\"1584\" data-end=\"1609\">2.3 Demandes de contact<\/h3><p data-start=\"1610\" data-end=\"1621\">Nous recueillons :<\/p><ul data-start=\"1623\" data-end=\"1721\"><li data-start=\"1623\" data-end=\"1631\"><p data-start=\"1625\" data-end=\"1631\">Nom<\/p><\/li><li data-start=\"1632\" data-end=\"1649\"><p data-start=\"1634\" data-end=\"1649\">Adresse courriel<\/p><\/li><li data-start=\"1650\" data-end=\"1669\"><p data-start=\"1652\" data-end=\"1669\">Contenu du message<\/p><\/li><li data-start=\"1670\" data-end=\"1721\"><p data-start=\"1672\" data-end=\"1721\">Tout renseignement suppl\u00e9mentaire fourni volontairement<\/p><\/li><\/ul><hr data-start=\"1723\" data-end=\"1726\"><h3 data-start=\"1728\" data-end=\"1763\">2.4 Donn\u00e9es techniques et analytiques<\/h3><p data-start=\"1764\" data-end=\"1823\">Nous pouvons recueillir des renseignements non identifiables limit\u00e9s tels que :<\/p><ul data-start=\"1825\" data-end=\"1973\"><li data-start=\"1825\" data-end=\"1841\"><p data-start=\"1827\" data-end=\"1841\">Type de navigateur<\/p><\/li><li data-start=\"1842\" data-end=\"1857\"><p data-start=\"1844\" data-end=\"1857\">Type d\u2019appareil<\/p><\/li><li data-start=\"1858\" data-end=\"1875\"><p data-start=\"1860\" data-end=\"1875\">Pages visit\u00e9es<\/p><\/li><li data-start=\"1876\" data-end=\"1941\"><p data-start=\"1878\" data-end=\"1941\">Interaction avec les appels \u00e0 l\u2019action (y compris les boutons de don)<\/p><\/li><li data-start=\"1942\" data-end=\"1973\"><p data-start=\"1944\" data-end=\"1973\">Emplacement g\u00e9ographique g\u00e9n\u00e9ral<\/p><\/li><\/ul><p data-start=\"1975\" data-end=\"2040\">Ces renseignements sont utilis\u00e9s pour l\u2019analyse de la performance et de l\u2019engagement.<\/p><hr data-start=\"2042\" data-end=\"2045\"><h2 data-start=\"2047\" data-end=\"2090\">3. Fondement juridique et finalit\u00e9 de la collecte<\/h2><p data-start=\"2092\" data-end=\"2167\">Les renseignements personnels sont recueillis et trait\u00e9s aux fins suivantes :<\/p><ul data-start=\"2169\" data-end=\"2425\"><li data-start=\"2169\" data-end=\"2244\"><p data-start=\"2171\" data-end=\"2244\">Documenter les d\u00e9clarations des sympathisants en vue de l\u2019enregistrement politique<\/p><\/li><li data-start=\"2245\" data-end=\"2277\"><p data-start=\"2247\" data-end=\"2277\">Tenir des dossiers internes<\/p><\/li><li data-start=\"2278\" data-end=\"2327\"><p data-start=\"2280\" data-end=\"2327\">Communiquer avec les b\u00e9n\u00e9voles et les sympathisants<\/p><\/li><li data-start=\"2328\" data-end=\"2355\"><p data-start=\"2330\" data-end=\"2355\">R\u00e9pondre aux demandes de renseignements<\/p><\/li><li data-start=\"2356\" data-end=\"2390\"><p data-start=\"2358\" data-end=\"2390\">Am\u00e9liorer la performance du site web<\/p><\/li><li data-start=\"2391\" data-end=\"2425\"><p data-start=\"2393\" data-end=\"2425\">Mesurer l\u2019engagement envers la campagne<\/p><\/li><\/ul><p data-start=\"2427\" data-end=\"2502\">Les renseignements ne sont pas vendus, \u00e9chang\u00e9s ou utilis\u00e9s \u00e0 des fins commerciales non li\u00e9es.<\/p><hr data-start=\"2876\" data-end=\"2879\"><h2 data-start=\"2881\" data-end=\"2912\">4. Divulgation des renseignements<\/h2><p data-start=\"2914\" data-end=\"2957\">Les renseignements personnels ne peuvent \u00eatre divulgu\u00e9s que :<\/p><ul data-start=\"2959\" data-end=\"3114\"><li data-start=\"2959\" data-end=\"3000\"><p data-start=\"2961\" data-end=\"3000\">Aux administrateurs internes autoris\u00e9s<\/p><\/li><li data-start=\"3001\" data-end=\"3065\"><p data-start=\"3003\" data-end=\"3065\">Aux prestataires de services de confiance assurant l\u2019h\u00e9bergement ou l\u2019analyse<\/p><\/li><li data-start=\"3066\" data-end=\"3114\"><p data-start=\"3068\" data-end=\"3114\">Lorsque la loi ou une autorit\u00e9 r\u00e9glementaire l\u2019exige<\/p><\/li><\/ul><p data-start=\"3116\" data-end=\"3214\">Tous les prestataires de services sont tenus de respecter la confidentialit\u00e9 et des normes de s\u00e9curit\u00e9 appropri\u00e9es.<\/p><hr data-start=\"3216\" data-end=\"3219\"><h2 data-start=\"3221\" data-end=\"3241\">5. Conservation des donn\u00e9es<\/h2><p data-start=\"3243\" data-end=\"3281\">Les renseignements personnels seront conserv\u00e9s :<\/p><ul data-start=\"3283\" data-end=\"3479\"><li data-start=\"3283\" data-end=\"3367\"><p data-start=\"3285\" data-end=\"3367\">Aussi longtemps que n\u00e9cessaire pour satisfaire aux exigences de conformit\u00e9 politique et aux fins op\u00e9rationnelles<\/p><\/li><li data-start=\"3368\" data-end=\"3402\"><p data-start=\"3370\" data-end=\"3402\">Conform\u00e9ment aux lois applicables<\/p><\/li><li data-start=\"3403\" data-end=\"3479\"><p data-start=\"3405\" data-end=\"3479\">Jusqu\u2019\u00e0 ce qu\u2019une demande de suppression l\u00e9gitime soit trait\u00e9e (lorsque la loi le permet)<\/p><\/li><\/ul><hr data-start=\"3481\" data-end=\"3484\"><h2 data-start=\"3486\" data-end=\"3509\">6. Droits individuels<\/h2><p data-start=\"3511\" data-end=\"3527\">Vous pouvez demander :<\/p><ul data-start=\"3529\" data-end=\"3706\"><li data-start=\"3529\" data-end=\"3568\"><p data-start=\"3531\" data-end=\"3568\">L\u2019acc\u00e8s \u00e0 vos renseignements personnels<\/p><\/li><li data-start=\"3569\" data-end=\"3602\"><p data-start=\"3571\" data-end=\"3602\">La correction de donn\u00e9es inexactes<\/p><\/li><li data-start=\"3603\" data-end=\"3647\"><p data-start=\"3605\" data-end=\"3647\">Le retrait du consentement (le cas \u00e9ch\u00e9ant)<\/p><\/li><li data-start=\"3648\" data-end=\"3706\"><p data-start=\"3650\" data-end=\"3706\">La suppression des donn\u00e9es personnelles (sous r\u00e9serve des obligations l\u00e9gales)<\/p><\/li><\/ul><p data-start=\"3708\" data-end=\"3770\">Les demandes peuvent \u00eatre soumises en utilisant les coordonn\u00e9es ci-dessous.<\/p><hr data-start=\"3772\" data-end=\"3775\"><h2 data-start=\"3777\" data-end=\"3814\">7. T\u00e9moins (cookies) et pr\u00e9f\u00e9rence linguistique<\/h2><p data-start=\"3816\" data-end=\"3839\">Les t\u00e9moins peuvent \u00eatre utilis\u00e9s pour :<\/p><ul data-start=\"3841\" data-end=\"3975\"><li data-start=\"3841\" data-end=\"3887\"><p data-start=\"3843\" data-end=\"3887\">Enregistrer la pr\u00e9f\u00e9rence linguistique s\u00e9lectionn\u00e9e (EN\/FR)<\/p><\/li><li data-start=\"3888\" data-end=\"3926\"><p data-start=\"3890\" data-end=\"3926\">Permettre les fonctionnalit\u00e9s de base du site web<\/p><\/li><li data-start=\"3927\" data-end=\"3975\"><p data-start=\"3929\" data-end=\"3975\">Suivre les soumissions de formulaires et les \u00e9v\u00e9nements d\u2019engagement<\/p><\/li><\/ul><p data-start=\"3977\" data-end=\"4028\">Les utilisateurs peuvent d\u00e9sactiver les t\u00e9moins par l\u2019entremise des param\u00e8tres de leur navigateur.<\/p>\t\t\t\t\t\t\t\t<\/div>\n\t\t\t\t\t<\/div>\n\t\t\t\t<\/div>\n\t\t\t\t<\/div>\n\t\t","protected":false},"excerpt":{"rendered":"<p>Home|No breadcrumbs 1. Objet de la pr\u00e9sente politique La pr\u00e9sente politique de confidentialit\u00e9 d\u00e9crit la mani\u00e8re dont les renseignements personnels sont recueillis, utilis\u00e9s, stock\u00e9s et prot\u00e9g\u00e9s lorsque des personnes interagissent avec ce site web, notamment par le biais de d\u00e9clarations de sympathisants, d\u2019inscriptions de b\u00e9n\u00e9voles, d\u2019envois de formulaires de contact et d\u2019activit\u00e9s li\u00e9es aux dons&#8230;.<\/p>\n","protected":false},"author":1,"featured_media":0,"parent":0,"menu_order":0,"comment_status":"closed","ping_status":"open","template":"","meta":{"_acf_changed":false,"give_campaign_id":0,"footnotes":""},"class_list":["post-50664","page","type-page","status-publish","hentry"],"acf":[],"campaignId":"","_links":{"self":[{"href":"https:\/\/faied.net\/fr\/wp-json\/wp\/v2\/pages\/50664","targetHints":{"allow":["GET"]}}],"collection":[{"href":"https:\/\/faied.net\/fr\/wp-json\/wp\/v2\/pages"}],"about":[{"href":"https:\/\/faied.net\/fr\/wp-json\/wp\/v2\/types\/page"}],"author":[{"embeddable":true,"href":"https:\/\/faied.net\/fr\/wp-json\/wp\/v2\/users\/1"}],"replies":[{"embeddable":true,"href":"https:\/\/faied.net\/fr\/wp-json\/wp\/v2\/comments?post=50664"}],"version-history":[{"count":3,"href":"https:\/\/faied.net\/fr\/wp-json\/wp\/v2\/pages\/50664\/revisions"}],"predecessor-version":[{"id":51133,"href":"https:\/\/faied.net\/fr\/wp-json\/wp\/v2\/pages\/50664\/revisions\/51133"}],"wp:attachment":[{"href":"https:\/\/faied.net\/fr\/wp-json\/wp\/v2\/media?parent=50664"}],"curies":[{"name":"wp","href":"https:\/\/api.w.org\/{rel}","templated":true}]}}